{"id":754,"date":"2023-08-20T17:27:04","date_gmt":"2023-08-20T17:27:04","guid":{"rendered":"https:\/\/cupertino.ai\/?page_id=754"},"modified":"2024-03-31T20:05:12","modified_gmt":"2024-03-31T20:05:12","slug":"blog","status":"publish","type":"page","link":"https:\/\/cupertino.ai\/en\/blog\/","title":{"rendered":"BLOG"},"content":{"rendered":"\t\t<div data-elementor-type=\"wp-page\" data-elementor-id=\"754\" class=\"elementor elementor-754\">\n\t\t\t\t<div class=\"elementor-element elementor-element-e1ccc78 e-flex e-con-boxed wpr-particle-no wpr-jarallax-no wpr-parallax-no wpr-sticky-section-no e-con e-parent\" data-id=\"e1ccc78\" data-element_type=\"container\" data-e-type=\"container\">\n\t\t\t\t\t<div class=\"e-con-inner\">\n\t\t<div class=\"elementor-element elementor-element-6a8d2d2 e-flex e-con-boxed wpr-particle-no wpr-jarallax-no wpr-parallax-no wpr-sticky-section-no e-con e-child\" data-id=\"6a8d2d2\" data-element_type=\"container\" data-e-type=\"container\">\n\t\t\t\t\t<div class=\"e-con-inner\">\n\t\t\t\t<div class=\"elementor-element elementor-element-9f87c4a elementor-widget elementor-widget-heading\" data-id=\"9f87c4a\" data-element_type=\"widget\" data-e-type=\"widget\" data-widget_type=\"heading.default\">\n\t\t\t\t<div class=\"elementor-widget-container\">\n\t\t\t\t\t<h2 class=\"elementor-heading-title elementor-size-default\">Blog<\/h2>\t\t\t\t<\/div>\n\t\t\t\t<\/div>\n\t\t\t\t\t<\/div>\n\t\t\t\t<\/div>\n\t\t\t\t\t<\/div>\n\t\t\t\t<\/div>\n\t\t<div class=\"elementor-element elementor-element-aaed89b e-flex e-con-boxed wpr-particle-no wpr-jarallax-no wpr-parallax-no wpr-sticky-section-no e-con e-parent\" data-id=\"aaed89b\" data-element_type=\"container\" data-e-type=\"container\">\n\t\t\t\t\t<div class=\"e-con-inner\">\n\t\t\t\t<div class=\"elementor-element elementor-element-40357a7 elementor-widget elementor-widget-qi_addons_for_elementor_blog_list\" data-id=\"40357a7\" data-element_type=\"widget\" data-e-type=\"widget\" data-widget_type=\"qi_addons_for_elementor_blog_list.default\">\n\t\t\t\t<div class=\"elementor-widget-container\">\n\t\t\t\t\t<div class=\"qodef-shortcode qodef-m qodef-addons-blog-list qodef-info-no-icons qodef-image--hover-zoom qodef-qi-grid qodef-layout--qi-columns qodef-col-num--3 qodef-item-layout--boxed qodef-responsive--predefined\" >\n\t<div class=\"qodef-grid-inner\">\n\t\t<p class=\"qodef-m-posts-not-found qodef-grid-item\">No posts were found for provided query parameters.<\/p>\n\t<\/div>\n\t<\/div>\n\t\t\t\t<\/div>\n\t\t\t\t<\/div>\n\t\t\t\t\t<\/div>\n\t\t\t\t<\/div>\n\t\t<div class=\"elementor-element elementor-element-6bb910fd e-flex e-con-boxed wpr-particle-no wpr-jarallax-no wpr-parallax-no wpr-sticky-section-no e-con e-parent\" data-id=\"6bb910fd\" data-element_type=\"container\" data-e-type=\"container\" data-settings=\"{&quot;background_background&quot;:&quot;classic&quot;}\">\n\t\t\t\t\t<div class=\"e-con-inner\">\n\t\t\t\t<div class=\"elementor-element elementor-element-db106fe elementor-widget elementor-widget-qi_addons_for_elementor_typeout_text\" data-id=\"db106fe\" data-element_type=\"widget\" data-e-type=\"widget\" data-widget_type=\"qi_addons_for_elementor_typeout_text.default\">\n\t\t\t\t<div class=\"elementor-widget-container\">\n\t\t\t\t\t<div class=\"qodef-shortcode qodef-m qodef-qi-typeout-text\" data-strings=\"[&quot;Optimice sus operaciones &quot;,&quot;Mejore su control&quot;,&quot;Minimice sus riesgos&quot;]\" data-cursor=\"|\">\n\t<h2 class=\"qodef-m-text\">\n\t\t\t\t<span class=\"qodef-typeout-holder\">\n\t\t\t<span class=\"qodef-typeout\"><\/span>\n\t\t<\/span>\n\t<\/h2>\n<\/div>\n\t\t\t\t<\/div>\n\t\t\t\t<\/div>\n\t\t\t\t<div class=\"elementor-element elementor-element-bd7b0a0 elementor-widget elementor-widget-heading\" data-id=\"bd7b0a0\" data-element_type=\"widget\" data-e-type=\"widget\" data-widget_type=\"heading.default\">\n\t\t\t\t<div class=\"elementor-widget-container\">\n\t\t\t\t\t<h5 class=\"elementor-heading-title elementor-size-default\">Cont\u00e1ctenos hoy mismo y descubra c\u00f3mo podemos potenciar su rendimiento mediante la \u00faltima tecnolog\u00eda en drones.<\/h5>\t\t\t\t<\/div>\n\t\t\t\t<\/div>\n\t\t\t\t<div class=\"elementor-element elementor-element-116b4e1 elementor-align-center elementor-widget__width-initial elementor-widget elementor-widget-button\" data-id=\"116b4e1\" data-element_type=\"widget\" data-e-type=\"widget\" data-widget_type=\"button.default\">\n\t\t\t\t<div class=\"elementor-widget-container\">\n\t\t\t\t\t\t\t\t\t<div class=\"elementor-button-wrapper\">\n\t\t\t\t\t<a class=\"elementor-button elementor-button-link elementor-size-sm elementor-animation-float\" href=\"https:\/\/cupertino.ai\/contacto\/\">\n\t\t\t\t\t\t<span class=\"elementor-button-content-wrapper\">\n\t\t\t\t\t\t\t\t\t<span class=\"elementor-button-text\">Cont\u00e1ctenos<\/span>\n\t\t\t\t\t<\/span>\n\t\t\t\t\t<\/a>\n\t\t\t\t<\/div>\n\t\t\t\t\t\t\t\t<\/div>\n\t\t\t\t<\/div>\n\t\t\t\t\t<\/div>\n\t\t\t\t<\/div>\n\t\t\t\t<\/div>\n\t\t","protected":false},"excerpt":{"rendered":"<p>Blog 5 Pasos para ser Piloto de Drone (VANT) en Argentina 5 Pasos para ser Piloto de Drone (VANT) en Argentina Convertirse en piloto de drone en Argentina es un proceso claro y alcanzable en cinco pasos. Desde la elecci\u00f3n del dron hasta Leer m\u00e1s Cont\u00e1ctenos hoy mismo y descubra c\u00f3mo podemos potenciar su rendimiento mediante la \u00faltima tecnolog\u00eda en drones. Cont\u00e1ctenos<\/p>","protected":false},"author":1,"featured_media":0,"parent":0,"menu_order":0,"comment_status":"closed","ping_status":"closed","template":"","meta":{"content-type":"","_monsterinsights_skip_tracking":false,"_monsterinsights_sitenote_active":false,"_monsterinsights_sitenote_note":"","_monsterinsights_sitenote_category":0,"footnotes":""},"class_list":["post-754","page","type-page","status-publish","hentry"],"blocksy_meta":[],"yoast_head":"<!-- This site is optimized with the Yoast SEO plugin v26.8 - https:\/\/yoast.com\/product\/yoast-seo-wordpress\/ -->\n<title>BLOG - Cupertino Aerial Intelligence | Servicio de Drones | L\u00edderes en Sistemas de Veh\u00edculos A\u00e9reos No Tripulados (UAVs).<\/title>\n<meta name=\"robots\" content=\"index, follow, max-snippet:-1, max-image-preview:large, max-video-preview:-1\" \/>\n<link rel=\"canonical\" href=\"https:\/\/cupertino.ai\/en\/blog\/\" \/>\n<meta property=\"og:locale\" content=\"en_US\" \/>\n<meta property=\"og:type\" content=\"article\" \/>\n<meta property=\"og:title\" content=\"BLOG - Cupertino Aerial Intelligence | Servicio de Drones | L\u00edderes en Sistemas de Veh\u00edculos A\u00e9reos No Tripulados (UAVs).\" \/>\n<meta property=\"og:description\" content=\"Blog 5 Pasos para ser Piloto de Drone (VANT) en Argentina 5 Pasos para ser Piloto de Drone (VANT) en Argentina Convertirse en piloto de drone en Argentina es un proceso claro y alcanzable en cinco pasos. Desde la elecci\u00f3n del dron hasta Leer m\u00e1s Cont\u00e1ctenos hoy mismo y descubra c\u00f3mo podemos potenciar su rendimiento mediante la \u00faltima tecnolog\u00eda en drones. Cont\u00e1ctenos\" \/>\n<meta property=\"og:url\" content=\"https:\/\/cupertino.ai\/en\/blog\/\" \/>\n<meta property=\"og:site_name\" content=\"Cupertino Aerial Intelligence | Servicio de Drones | L\u00edderes en Sistemas de Veh\u00edculos A\u00e9reos No Tripulados (UAVs).\" \/>\n<meta property=\"article:modified_time\" content=\"2024-03-31T20:05:12+00:00\" \/>\n<meta property=\"og:image\" content=\"https:\/\/cupertino.ai\/wp-content\/uploads\/2024\/01\/Screenshot-2024-01-29-at-16.51.24-e1706729744165.jpg\" \/>\n<meta name=\"twitter:card\" content=\"summary_large_image\" \/>\n<meta name=\"twitter:label1\" content=\"Est. reading time\" \/>\n\t<meta name=\"twitter:data1\" content=\"1 minute\" \/>\n<script type=\"application\/ld+json\" class=\"yoast-schema-graph\">{\"@context\":\"https:\/\/schema.org\",\"@graph\":[{\"@type\":\"WebPage\",\"@id\":\"https:\/\/cupertino.ai\/blog\/\",\"url\":\"https:\/\/cupertino.ai\/blog\/\",\"name\":\"BLOG - Cupertino Aerial Intelligence | Servicio de Drones | L\u00edderes en Sistemas de Veh\u00edculos A\u00e9reos No Tripulados (UAVs).\",\"isPartOf\":{\"@id\":\"https:\/\/cupertino.ai\/#website\"},\"primaryImageOfPage\":{\"@id\":\"https:\/\/cupertino.ai\/blog\/#primaryimage\"},\"image\":{\"@id\":\"https:\/\/cupertino.ai\/blog\/#primaryimage\"},\"thumbnailUrl\":\"https:\/\/cupertino.ai\/wp-content\/uploads\/2024\/01\/Screenshot-2024-01-29-at-16.51.24-e1706729744165.jpg\",\"datePublished\":\"2023-08-20T17:27:04+00:00\",\"dateModified\":\"2024-03-31T20:05:12+00:00\",\"breadcrumb\":{\"@id\":\"https:\/\/cupertino.ai\/blog\/#breadcrumb\"},\"inLanguage\":\"en-US\",\"potentialAction\":[{\"@type\":\"ReadAction\",\"target\":[\"https:\/\/cupertino.ai\/blog\/\"]}]},{\"@type\":\"ImageObject\",\"inLanguage\":\"en-US\",\"@id\":\"https:\/\/cupertino.ai\/blog\/#primaryimage\",\"url\":\"https:\/\/cupertino.ai\/wp-content\/uploads\/2024\/01\/Screenshot-2024-01-29-at-16.51.24-e1706729744165.jpg\",\"contentUrl\":\"https:\/\/cupertino.ai\/wp-content\/uploads\/2024\/01\/Screenshot-2024-01-29-at-16.51.24-e1706729744165.jpg\"},{\"@type\":\"BreadcrumbList\",\"@id\":\"https:\/\/cupertino.ai\/blog\/#breadcrumb\",\"itemListElement\":[{\"@type\":\"ListItem\",\"position\":1,\"name\":\"Home\",\"item\":\"https:\/\/cupertino.ai\/\"},{\"@type\":\"ListItem\",\"position\":2,\"name\":\"BLOG\"}]},{\"@type\":\"WebSite\",\"@id\":\"https:\/\/cupertino.ai\/#website\",\"url\":\"https:\/\/cupertino.ai\/\",\"name\":\"Cupertino Aerial Intelligence | Servicio de Drones | L\u00edderes en Sistemas de Veh\u00edculos A\u00e9reos No Tripulados (UAVs).\",\"description\":\"\",\"publisher\":{\"@id\":\"https:\/\/cupertino.ai\/#organization\"},\"alternateName\":\"Cupertino Aerial Intelligence | Servicio de Drones\",\"potentialAction\":[{\"@type\":\"SearchAction\",\"target\":{\"@type\":\"EntryPoint\",\"urlTemplate\":\"https:\/\/cupertino.ai\/?s={search_term_string}\"},\"query-input\":{\"@type\":\"PropertyValueSpecification\",\"valueRequired\":true,\"valueName\":\"search_term_string\"}}],\"inLanguage\":\"en-US\"},{\"@type\":\"Organization\",\"@id\":\"https:\/\/cupertino.ai\/#organization\",\"name\":\"Cupertino Aerial Intelligence\",\"url\":\"https:\/\/cupertino.ai\/\",\"logo\":{\"@type\":\"ImageObject\",\"inLanguage\":\"en-US\",\"@id\":\"https:\/\/cupertino.ai\/#\/schema\/logo\/image\/\",\"url\":\"https:\/\/cupertino.ai\/wp-content\/uploads\/2024\/03\/Logotiponegro-transparente.png\",\"contentUrl\":\"https:\/\/cupertino.ai\/wp-content\/uploads\/2024\/03\/Logotiponegro-transparente.png\",\"width\":2135,\"height\":544,\"caption\":\"Cupertino Aerial Intelligence\"},\"image\":{\"@id\":\"https:\/\/cupertino.ai\/#\/schema\/logo\/image\/\"},\"sameAs\":[\"https:\/\/www.linkedin.com\/company\/cupertino-aerial-intelligence\/about\/\"]}]}<\/script>\n<!-- \/ Yoast SEO plugin. -->","yoast_head_json":{"title":"BLOG - Cupertino Aerial Intelligence | Servicio de Drones | L\u00edderes en Sistemas de Veh\u00edculos A\u00e9reos No Tripulados (UAVs).","robots":{"index":"index","follow":"follow","max-snippet":"max-snippet:-1","max-image-preview":"max-image-preview:large","max-video-preview":"max-video-preview:-1"},"canonical":"https:\/\/cupertino.ai\/en\/blog\/","og_locale":"en_US","og_type":"article","og_title":"BLOG - Cupertino Aerial Intelligence | Servicio de Drones | L\u00edderes en Sistemas de Veh\u00edculos A\u00e9reos No Tripulados (UAVs).","og_description":"Blog 5 Pasos para ser Piloto de Drone (VANT) en Argentina 5 Pasos para ser Piloto de Drone (VANT) en Argentina Convertirse en piloto de drone en Argentina es un proceso claro y alcanzable en cinco pasos. Desde la elecci\u00f3n del dron hasta Leer m\u00e1s Cont\u00e1ctenos hoy mismo y descubra c\u00f3mo podemos potenciar su rendimiento mediante la \u00faltima tecnolog\u00eda en drones. Cont\u00e1ctenos","og_url":"https:\/\/cupertino.ai\/en\/blog\/","og_site_name":"Cupertino Aerial Intelligence | Servicio de Drones | L\u00edderes en Sistemas de Veh\u00edculos A\u00e9reos No Tripulados (UAVs).","article_modified_time":"2024-03-31T20:05:12+00:00","og_image":[{"url":"https:\/\/cupertino.ai\/wp-content\/uploads\/2024\/01\/Screenshot-2024-01-29-at-16.51.24-e1706729744165.jpg","type":"","width":"","height":""}],"twitter_card":"summary_large_image","twitter_misc":{"Est. reading time":"1 minute"},"schema":{"@context":"https:\/\/schema.org","@graph":[{"@type":"WebPage","@id":"https:\/\/cupertino.ai\/blog\/","url":"https:\/\/cupertino.ai\/blog\/","name":"BLOG - Cupertino Aerial Intelligence | Servicio de Drones | L\u00edderes en Sistemas de Veh\u00edculos A\u00e9reos No Tripulados (UAVs).","isPartOf":{"@id":"https:\/\/cupertino.ai\/#website"},"primaryImageOfPage":{"@id":"https:\/\/cupertino.ai\/blog\/#primaryimage"},"image":{"@id":"https:\/\/cupertino.ai\/blog\/#primaryimage"},"thumbnailUrl":"https:\/\/cupertino.ai\/wp-content\/uploads\/2024\/01\/Screenshot-2024-01-29-at-16.51.24-e1706729744165.jpg","datePublished":"2023-08-20T17:27:04+00:00","dateModified":"2024-03-31T20:05:12+00:00","breadcrumb":{"@id":"https:\/\/cupertino.ai\/blog\/#breadcrumb"},"inLanguage":"en-US","potentialAction":[{"@type":"ReadAction","target":["https:\/\/cupertino.ai\/blog\/"]}]},{"@type":"ImageObject","inLanguage":"en-US","@id":"https:\/\/cupertino.ai\/blog\/#primaryimage","url":"https:\/\/cupertino.ai\/wp-content\/uploads\/2024\/01\/Screenshot-2024-01-29-at-16.51.24-e1706729744165.jpg","contentUrl":"https:\/\/cupertino.ai\/wp-content\/uploads\/2024\/01\/Screenshot-2024-01-29-at-16.51.24-e1706729744165.jpg"},{"@type":"BreadcrumbList","@id":"https:\/\/cupertino.ai\/blog\/#breadcrumb","itemListElement":[{"@type":"ListItem","position":1,"name":"Home","item":"https:\/\/cupertino.ai\/"},{"@type":"ListItem","position":2,"name":"BLOG"}]},{"@type":"WebSite","@id":"https:\/\/cupertino.ai\/#website","url":"https:\/\/cupertino.ai\/","name":"Cupertino Aerial Intelligence | Servicio de Drones | L\u00edderes en Sistemas de Veh\u00edculos A\u00e9reos No Tripulados (UAVs).","description":"","publisher":{"@id":"https:\/\/cupertino.ai\/#organization"},"alternateName":"Cupertino Aerial Intelligence | Servicio de Drones","potentialAction":[{"@type":"SearchAction","target":{"@type":"EntryPoint","urlTemplate":"https:\/\/cupertino.ai\/?s={search_term_string}"},"query-input":{"@type":"PropertyValueSpecification","valueRequired":true,"valueName":"search_term_string"}}],"inLanguage":"en-US"},{"@type":"Organization","@id":"https:\/\/cupertino.ai\/#organization","name":"Cupertino Aerial Intelligence","url":"https:\/\/cupertino.ai\/","logo":{"@type":"ImageObject","inLanguage":"en-US","@id":"https:\/\/cupertino.ai\/#\/schema\/logo\/image\/","url":"https:\/\/cupertino.ai\/wp-content\/uploads\/2024\/03\/Logotiponegro-transparente.png","contentUrl":"https:\/\/cupertino.ai\/wp-content\/uploads\/2024\/03\/Logotiponegro-transparente.png","width":2135,"height":544,"caption":"Cupertino Aerial Intelligence"},"image":{"@id":"https:\/\/cupertino.ai\/#\/schema\/logo\/image\/"},"sameAs":["https:\/\/www.linkedin.com\/company\/cupertino-aerial-intelligence\/about\/"]}]}},"_links":{"self":[{"href":"https:\/\/cupertino.ai\/en\/wp-json\/wp\/v2\/pages\/754","targetHints":{"allow":["GET"]}}],"collection":[{"href":"https:\/\/cupertino.ai\/en\/wp-json\/wp\/v2\/pages"}],"about":[{"href":"https:\/\/cupertino.ai\/en\/wp-json\/wp\/v2\/types\/page"}],"author":[{"embeddable":true,"href":"https:\/\/cupertino.ai\/en\/wp-json\/wp\/v2\/users\/1"}],"replies":[{"embeddable":true,"href":"https:\/\/cupertino.ai\/en\/wp-json\/wp\/v2\/comments?post=754"}],"version-history":[{"count":0,"href":"https:\/\/cupertino.ai\/en\/wp-json\/wp\/v2\/pages\/754\/revisions"}],"wp:attachment":[{"href":"https:\/\/cupertino.ai\/en\/wp-json\/wp\/v2\/media?parent=754"}],"curies":[{"name":"wp","href":"https:\/\/api.w.org\/{rel}","templated":true}]}}