{"id":2251,"date":"2024-07-24T16:38:10","date_gmt":"2024-07-24T16:38:10","guid":{"rendered":"https:\/\/cupertino.ai\/?page_id=2251"},"modified":"2024-08-19T19:18:05","modified_gmt":"2024-08-19T19:18:05","slug":"cotizacionexitosa","status":"publish","type":"page","link":"https:\/\/cupertino.ai\/en\/cotizacionexitosa\/","title":{"rendered":"Recibimos tu cotizaci\u00f3n con exito!"},"content":{"rendered":"<div data-elementor-type=\"wp-page\" data-elementor-id=\"2251\" class=\"elementor elementor-2251\">\n\t\t\t\t<div class=\"elementor-element elementor-element-538c3b5 e-flex e-con-boxed wpr-particle-no wpr-jarallax-no wpr-parallax-no wpr-sticky-section-no e-con e-parent\" data-id=\"538c3b5\" data-element_type=\"container\" data-e-type=\"container\">\n\t\t\t\t\t<div class=\"e-con-inner\">\n\t\t<div class=\"elementor-element elementor-element-f21cdc7 e-con-full e-flex wpr-particle-no wpr-jarallax-no wpr-parallax-no wpr-sticky-section-no e-con e-child\" data-id=\"f21cdc7\" data-element_type=\"container\" data-e-type=\"container\">\n\t\t\t\t<div class=\"elementor-element elementor-element-e8b78bc elementor-widget elementor-widget-text-editor\" data-id=\"e8b78bc\" data-element_type=\"widget\" data-e-type=\"widget\" data-widget_type=\"text-editor.default\">\n\t\t\t\t<div class=\"elementor-widget-container\">\n\t\t\t\t\t\t\t\t\t<p>Te estaremos contactando en las pr\u00f3ximas 2 horas con un presupuesto estimado.<\/p>\t\t\t\t\t\t\t\t<\/div>\n\t\t\t\t<\/div>\n\t\t\t\t<\/div>\n\t\t\t\t\t<\/div>\n\t\t\t\t<\/div>\n\t\t<div class=\"elementor-element elementor-element-74b85b6 e-flex e-con-boxed wpr-particle-no wpr-jarallax-no wpr-parallax-no wpr-sticky-section-no e-con e-parent\" data-id=\"74b85b6\" data-element_type=\"container\" data-e-type=\"container\">\n\t\t\t\t\t<div class=\"e-con-inner\">\n\t\t\t\t<div class=\"elementor-element elementor-element-4da8053 elementor-widget__width-initial elementor-widget elementor-widget-button\" data-id=\"4da8053\" data-element_type=\"widget\" data-e-type=\"widget\" data-widget_type=\"button.default\">\n\t\t\t\t<div class=\"elementor-widget-container\">\n\t\t\t\t\t\t\t\t\t<div class=\"elementor-button-wrapper\">\n\t\t\t\t\t<a class=\"elementor-button elementor-button-link elementor-size-sm\" href=\"https:\/\/cupertino.ai\/en\/\">\n\t\t\t\t\t\t<span class=\"elementor-button-content-wrapper\">\n\t\t\t\t\t\t\t\t\t<span class=\"elementor-button-text\">Volver al inicio<\/span>\n\t\t\t\t\t<\/span>\n\t\t\t\t\t<\/a>\n\t\t\t\t<\/div>\n\t\t\t\t\t\t\t\t<\/div>\n\t\t\t\t<\/div>\n\t\t\t\t\t<\/div>\n\t\t\t\t<\/div>\n\t\t\t\t<\/div>","protected":false},"excerpt":{"rendered":"<p>Te estaremos contactando en las pr\u00f3ximas 2 horas con un presupuesto estimado. Volver al inicio<\/p>","protected":false},"author":1,"featured_media":2142,"parent":0,"menu_order":0,"comment_status":"closed","ping_status":"closed","template":"elementor_header_footer","meta":{"content-type":"","_monsterinsights_skip_tracking":false,"_monsterinsights_sitenote_active":false,"_monsterinsights_sitenote_note":"","_monsterinsights_sitenote_category":0,"footnotes":""},"class_list":["post-2251","page","type-page","status-publish","has-post-thumbnail","hentry"],"blocksy_meta":[],"yoast_head":"<!-- This site is optimized with the Yoast SEO plugin v26.8 - https:\/\/yoast.com\/product\/yoast-seo-wordpress\/ -->\n<title>Recibimos tu cotizaci\u00f3n con exito! - Cupertino Aerial Intelligence | Servicio de Drones | L\u00edderes en Sistemas de Veh\u00edculos A\u00e9reos No Tripulados (UAVs).<\/title>\n<meta name=\"robots\" content=\"index, follow, max-snippet:-1, max-image-preview:large, max-video-preview:-1\" \/>\n<link rel=\"canonical\" href=\"https:\/\/cupertino.ai\/en\/cotizacionexitosa\/\" \/>\n<meta property=\"og:locale\" content=\"en_US\" \/>\n<meta property=\"og:type\" content=\"article\" \/>\n<meta property=\"og:title\" content=\"Recibimos tu cotizaci\u00f3n con exito! - Cupertino Aerial Intelligence | Servicio de Drones | L\u00edderes en Sistemas de Veh\u00edculos A\u00e9reos No Tripulados (UAVs).\" \/>\n<meta property=\"og:description\" content=\"Te estaremos contactando en las pr\u00f3ximas 2 horas con un presupuesto estimado. Volver al inicio\" \/>\n<meta property=\"og:url\" content=\"https:\/\/cupertino.ai\/en\/cotizacionexitosa\/\" \/>\n<meta property=\"og:site_name\" content=\"Cupertino Aerial Intelligence | Servicio de Drones | L\u00edderes en Sistemas de Veh\u00edculos A\u00e9reos No Tripulados (UAVs).\" \/>\n<meta property=\"article:modified_time\" content=\"2024-08-19T19:18:05+00:00\" \/>\n<meta property=\"og:image\" content=\"https:\/\/cupertino.ai\/wp-content\/uploads\/2024\/07\/Isotiponegro-mapablanco.png\" \/>\n\t<meta property=\"og:image:width\" content=\"928\" \/>\n\t<meta property=\"og:image:height\" content=\"928\" \/>\n\t<meta property=\"og:image:type\" content=\"image\/png\" \/>\n<meta name=\"twitter:card\" content=\"summary_large_image\" \/>\n<meta name=\"twitter:label1\" content=\"Est. reading time\" \/>\n\t<meta name=\"twitter:data1\" content=\"1 minute\" \/>\n<script type=\"application\/ld+json\" class=\"yoast-schema-graph\">{\"@context\":\"https:\/\/schema.org\",\"@graph\":[{\"@type\":\"WebPage\",\"@id\":\"https:\/\/cupertino.ai\/cotizacionexitosa\/\",\"url\":\"https:\/\/cupertino.ai\/cotizacionexitosa\/\",\"name\":\"Recibimos tu cotizaci\u00f3n con exito! - Cupertino Aerial Intelligence | Servicio de Drones | L\u00edderes en Sistemas de Veh\u00edculos A\u00e9reos No Tripulados (UAVs).\",\"isPartOf\":{\"@id\":\"https:\/\/cupertino.ai\/#website\"},\"primaryImageOfPage\":{\"@id\":\"https:\/\/cupertino.ai\/cotizacionexitosa\/#primaryimage\"},\"image\":{\"@id\":\"https:\/\/cupertino.ai\/cotizacionexitosa\/#primaryimage\"},\"thumbnailUrl\":\"https:\/\/cupertino.ai\/wp-content\/uploads\/2024\/07\/Isotiponegro-mapablanco.png\",\"datePublished\":\"2024-07-24T16:38:10+00:00\",\"dateModified\":\"2024-08-19T19:18:05+00:00\",\"breadcrumb\":{\"@id\":\"https:\/\/cupertino.ai\/cotizacionexitosa\/#breadcrumb\"},\"inLanguage\":\"en-US\",\"potentialAction\":[{\"@type\":\"ReadAction\",\"target\":[\"https:\/\/cupertino.ai\/cotizacionexitosa\/\"]}]},{\"@type\":\"ImageObject\",\"inLanguage\":\"en-US\",\"@id\":\"https:\/\/cupertino.ai\/cotizacionexitosa\/#primaryimage\",\"url\":\"https:\/\/cupertino.ai\/wp-content\/uploads\/2024\/07\/Isotiponegro-mapablanco.png\",\"contentUrl\":\"https:\/\/cupertino.ai\/wp-content\/uploads\/2024\/07\/Isotiponegro-mapablanco.png\",\"width\":928,\"height\":928},{\"@type\":\"BreadcrumbList\",\"@id\":\"https:\/\/cupertino.ai\/cotizacionexitosa\/#breadcrumb\",\"itemListElement\":[{\"@type\":\"ListItem\",\"position\":1,\"name\":\"Home\",\"item\":\"https:\/\/cupertino.ai\/\"},{\"@type\":\"ListItem\",\"position\":2,\"name\":\"Recibimos tu cotizaci\u00f3n con exito!\"}]},{\"@type\":\"WebSite\",\"@id\":\"https:\/\/cupertino.ai\/#website\",\"url\":\"https:\/\/cupertino.ai\/\",\"name\":\"Cupertino Aerial Intelligence | Servicio de Drones | L\u00edderes en Sistemas de Veh\u00edculos A\u00e9reos No Tripulados (UAVs).\",\"description\":\"\",\"publisher\":{\"@id\":\"https:\/\/cupertino.ai\/#organization\"},\"alternateName\":\"Cupertino Aerial Intelligence | Servicio de Drones\",\"potentialAction\":[{\"@type\":\"SearchAction\",\"target\":{\"@type\":\"EntryPoint\",\"urlTemplate\":\"https:\/\/cupertino.ai\/?s={search_term_string}\"},\"query-input\":{\"@type\":\"PropertyValueSpecification\",\"valueRequired\":true,\"valueName\":\"search_term_string\"}}],\"inLanguage\":\"en-US\"},{\"@type\":\"Organization\",\"@id\":\"https:\/\/cupertino.ai\/#organization\",\"name\":\"Cupertino Aerial Intelligence\",\"url\":\"https:\/\/cupertino.ai\/\",\"logo\":{\"@type\":\"ImageObject\",\"inLanguage\":\"en-US\",\"@id\":\"https:\/\/cupertino.ai\/#\/schema\/logo\/image\/\",\"url\":\"https:\/\/cupertino.ai\/wp-content\/uploads\/2024\/03\/Logotiponegro-transparente.png\",\"contentUrl\":\"https:\/\/cupertino.ai\/wp-content\/uploads\/2024\/03\/Logotiponegro-transparente.png\",\"width\":2135,\"height\":544,\"caption\":\"Cupertino Aerial Intelligence\"},\"image\":{\"@id\":\"https:\/\/cupertino.ai\/#\/schema\/logo\/image\/\"},\"sameAs\":[\"https:\/\/www.linkedin.com\/company\/cupertino-aerial-intelligence\/about\/\"]}]}<\/script>\n<!-- \/ Yoast SEO plugin. -->","yoast_head_json":{"title":"Recibimos tu cotizaci\u00f3n con exito! - Cupertino Aerial Intelligence | Servicio de Drones | L\u00edderes en Sistemas de Veh\u00edculos A\u00e9reos No Tripulados (UAVs).","robots":{"index":"index","follow":"follow","max-snippet":"max-snippet:-1","max-image-preview":"max-image-preview:large","max-video-preview":"max-video-preview:-1"},"canonical":"https:\/\/cupertino.ai\/en\/cotizacionexitosa\/","og_locale":"en_US","og_type":"article","og_title":"Recibimos tu cotizaci\u00f3n con exito! - Cupertino Aerial Intelligence | Servicio de Drones | L\u00edderes en Sistemas de Veh\u00edculos A\u00e9reos No Tripulados (UAVs).","og_description":"Te estaremos contactando en las pr\u00f3ximas 2 horas con un presupuesto estimado. Volver al inicio","og_url":"https:\/\/cupertino.ai\/en\/cotizacionexitosa\/","og_site_name":"Cupertino Aerial Intelligence | Servicio de Drones | L\u00edderes en Sistemas de Veh\u00edculos A\u00e9reos No Tripulados (UAVs).","article_modified_time":"2024-08-19T19:18:05+00:00","og_image":[{"width":928,"height":928,"url":"https:\/\/cupertino.ai\/wp-content\/uploads\/2024\/07\/Isotiponegro-mapablanco.png","type":"image\/png"}],"twitter_card":"summary_large_image","twitter_misc":{"Est. reading time":"1 minute"},"schema":{"@context":"https:\/\/schema.org","@graph":[{"@type":"WebPage","@id":"https:\/\/cupertino.ai\/cotizacionexitosa\/","url":"https:\/\/cupertino.ai\/cotizacionexitosa\/","name":"Recibimos tu cotizaci\u00f3n con exito! - Cupertino Aerial Intelligence | Servicio de Drones | L\u00edderes en Sistemas de Veh\u00edculos A\u00e9reos No Tripulados (UAVs).","isPartOf":{"@id":"https:\/\/cupertino.ai\/#website"},"primaryImageOfPage":{"@id":"https:\/\/cupertino.ai\/cotizacionexitosa\/#primaryimage"},"image":{"@id":"https:\/\/cupertino.ai\/cotizacionexitosa\/#primaryimage"},"thumbnailUrl":"https:\/\/cupertino.ai\/wp-content\/uploads\/2024\/07\/Isotiponegro-mapablanco.png","datePublished":"2024-07-24T16:38:10+00:00","dateModified":"2024-08-19T19:18:05+00:00","breadcrumb":{"@id":"https:\/\/cupertino.ai\/cotizacionexitosa\/#breadcrumb"},"inLanguage":"en-US","potentialAction":[{"@type":"ReadAction","target":["https:\/\/cupertino.ai\/cotizacionexitosa\/"]}]},{"@type":"ImageObject","inLanguage":"en-US","@id":"https:\/\/cupertino.ai\/cotizacionexitosa\/#primaryimage","url":"https:\/\/cupertino.ai\/wp-content\/uploads\/2024\/07\/Isotiponegro-mapablanco.png","contentUrl":"https:\/\/cupertino.ai\/wp-content\/uploads\/2024\/07\/Isotiponegro-mapablanco.png","width":928,"height":928},{"@type":"BreadcrumbList","@id":"https:\/\/cupertino.ai\/cotizacionexitosa\/#breadcrumb","itemListElement":[{"@type":"ListItem","position":1,"name":"Home","item":"https:\/\/cupertino.ai\/"},{"@type":"ListItem","position":2,"name":"Recibimos tu cotizaci\u00f3n con exito!"}]},{"@type":"WebSite","@id":"https:\/\/cupertino.ai\/#website","url":"https:\/\/cupertino.ai\/","name":"Cupertino Aerial Intelligence | Servicio de Drones | L\u00edderes en Sistemas de Veh\u00edculos A\u00e9reos No Tripulados (UAVs).","description":"","publisher":{"@id":"https:\/\/cupertino.ai\/#organization"},"alternateName":"Cupertino Aerial Intelligence | Servicio de Drones","potentialAction":[{"@type":"SearchAction","target":{"@type":"EntryPoint","urlTemplate":"https:\/\/cupertino.ai\/?s={search_term_string}"},"query-input":{"@type":"PropertyValueSpecification","valueRequired":true,"valueName":"search_term_string"}}],"inLanguage":"en-US"},{"@type":"Organization","@id":"https:\/\/cupertino.ai\/#organization","name":"Cupertino Aerial Intelligence","url":"https:\/\/cupertino.ai\/","logo":{"@type":"ImageObject","inLanguage":"en-US","@id":"https:\/\/cupertino.ai\/#\/schema\/logo\/image\/","url":"https:\/\/cupertino.ai\/wp-content\/uploads\/2024\/03\/Logotiponegro-transparente.png","contentUrl":"https:\/\/cupertino.ai\/wp-content\/uploads\/2024\/03\/Logotiponegro-transparente.png","width":2135,"height":544,"caption":"Cupertino Aerial Intelligence"},"image":{"@id":"https:\/\/cupertino.ai\/#\/schema\/logo\/image\/"},"sameAs":["https:\/\/www.linkedin.com\/company\/cupertino-aerial-intelligence\/about\/"]}]}},"_links":{"self":[{"href":"https:\/\/cupertino.ai\/en\/wp-json\/wp\/v2\/pages\/2251","targetHints":{"allow":["GET"]}}],"collection":[{"href":"https:\/\/cupertino.ai\/en\/wp-json\/wp\/v2\/pages"}],"about":[{"href":"https:\/\/cupertino.ai\/en\/wp-json\/wp\/v2\/types\/page"}],"author":[{"embeddable":true,"href":"https:\/\/cupertino.ai\/en\/wp-json\/wp\/v2\/users\/1"}],"replies":[{"embeddable":true,"href":"https:\/\/cupertino.ai\/en\/wp-json\/wp\/v2\/comments?post=2251"}],"version-history":[{"count":14,"href":"https:\/\/cupertino.ai\/en\/wp-json\/wp\/v2\/pages\/2251\/revisions"}],"predecessor-version":[{"id":2485,"href":"https:\/\/cupertino.ai\/en\/wp-json\/wp\/v2\/pages\/2251\/revisions\/2485"}],"wp:featuredmedia":[{"embeddable":true,"href":"https:\/\/cupertino.ai\/en\/wp-json\/wp\/v2\/media\/2142"}],"wp:attachment":[{"href":"https:\/\/cupertino.ai\/en\/wp-json\/wp\/v2\/media?parent=2251"}],"curies":[{"name":"wp","href":"https:\/\/api.w.org\/{rel}","templated":true}]}}