{"id":21,"date":"2023-08-05T02:33:13","date_gmt":"2023-08-05T02:33:13","guid":{"rendered":"https:\/\/cupertino.ai\/contacto\/"},"modified":"2025-02-17T14:04:24","modified_gmt":"2025-02-17T14:04:24","slug":"contacto","status":"publish","type":"page","link":"https:\/\/cupertino.ai\/en\/contacto\/","title":{"rendered":"CONTACT US"},"content":{"rendered":"\t\t<div data-elementor-type=\"wp-page\" data-elementor-id=\"21\" class=\"elementor elementor-21\">\n\t\t\t\t<div class=\"elementor-element elementor-element-c1b84ef e-flex e-con-boxed wpr-particle-no wpr-jarallax-no wpr-parallax-no wpr-sticky-section-no e-con e-parent\" data-id=\"c1b84ef\" data-element_type=\"container\" data-e-type=\"container\" data-settings=\"{&quot;background_background&quot;:&quot;classic&quot;}\">\n\t\t\t\t\t<div class=\"e-con-inner\">\n\t\t\t\t\t<\/div>\n\t\t\t\t<\/div>\n\t\t<div class=\"elementor-element elementor-element-289b121 e-flex e-con-boxed wpr-particle-no wpr-jarallax-no wpr-parallax-no wpr-sticky-section-no e-con e-parent\" data-id=\"289b121\" data-element_type=\"container\" data-e-type=\"container\" data-settings=\"{&quot;background_background&quot;:&quot;classic&quot;}\">\n\t\t\t\t\t<div class=\"e-con-inner\">\n\t\t<div class=\"elementor-element elementor-element-59ade75 e-con-full e-flex wpr-particle-no wpr-jarallax-no wpr-parallax-no wpr-sticky-section-no e-con e-child\" data-id=\"59ade75\" data-element_type=\"container\" data-e-type=\"container\">\n\t\t<div class=\"elementor-element elementor-element-3c46561 e-con-full e-flex wpr-particle-no wpr-jarallax-no wpr-parallax-no wpr-sticky-section-no e-con e-child\" data-id=\"3c46561\" data-element_type=\"container\" data-e-type=\"container\">\n\t\t\t\t<div class=\"elementor-element elementor-element-dd8755b elementor-widget elementor-widget-heading\" data-id=\"dd8755b\" data-element_type=\"widget\" data-e-type=\"widget\" data-widget_type=\"heading.default\">\n\t\t\t\t<div class=\"elementor-widget-container\">\n\t\t\t\t\t<h1 class=\"elementor-heading-title elementor-size-default\">CONTACTO<\/h1>\t\t\t\t<\/div>\n\t\t\t\t<\/div>\n\t\t\t\t<div class=\"elementor-element elementor-element-a7c0d48 elementor-widget elementor-widget-text-editor\" data-id=\"a7c0d48\" data-element_type=\"widget\" data-e-type=\"widget\" data-widget_type=\"text-editor.default\">\n\t\t\t\t<div class=\"elementor-widget-container\">\n\t\t\t\t\t\t\t\t\t<p><a href=\"mailto:info@cupertino.ai\"><span style=\"color: #414141; font-family: 'Hanken Grotesk', sans-serif; font-size: 18px; white-space-collapse: preserve;\">info@cupertino.ai<\/span><\/a><\/p>\t\t\t\t\t\t\t\t<\/div>\n\t\t\t\t<\/div>\n\t\t\t\t<div class=\"elementor-element elementor-element-1160ea1 elementor-widget elementor-widget-icon-box\" data-id=\"1160ea1\" data-element_type=\"widget\" data-e-type=\"widget\" data-widget_type=\"icon-box.default\">\n\t\t\t\t<div class=\"elementor-widget-container\">\n\t\t\t\t\t\t\t<div class=\"elementor-icon-box-wrapper\">\n\n\t\t\t\n\t\t\t\t\t\t<div class=\"elementor-icon-box-content\">\n\n\t\t\t\t\t\t\t\t\t<h4 class=\"elementor-icon-box-title\">\n\t\t\t\t\t\t<span  >\n\t\t\t\t\t\t\tOficinas\t\t\t\t\t\t<\/span>\n\t\t\t\t\t<\/h4>\n\t\t\t\t\n\t\t\t\t\t\t\t\t\t<p class=\"elementor-icon-box-description\">\n\t\t\t\t\t\tAvenida del Libertador 602, Piso 3. C1001ABT.  <br>Ciudad Aut\u00f3noma de Buenos Aires, Argentina\t\t\t\t\t<\/p>\n\t\t\t\t\n\t\t\t<\/div>\n\t\t\t\n\t\t<\/div>\n\t\t\t\t\t\t<\/div>\n\t\t\t\t<\/div>\n\t\t\t\t<div class=\"elementor-element elementor-element-a6b46e4 elementor-widget elementor-widget-icon-box\" data-id=\"a6b46e4\" data-element_type=\"widget\" data-e-type=\"widget\" data-widget_type=\"icon-box.default\">\n\t\t\t\t<div class=\"elementor-widget-container\">\n\t\t\t\t\t\t\t<div class=\"elementor-icon-box-wrapper\">\n\n\t\t\t\n\t\t\t\t\t\t<div class=\"elementor-icon-box-content\">\n\n\t\t\t\t\t\t\t\t\t<h4 class=\"elementor-icon-box-title\">\n\t\t\t\t\t\t<span  >\n\t\t\t\t\t\t\tOperaciones\t\t\t\t\t\t<\/span>\n\t\t\t\t\t<\/h4>\n\t\t\t\t\n\t\t\t\t\t\t\t\t\t<p class=\"elementor-icon-box-description\">\n\t\t\t\t\t\tHelic\u00f3pteros Marinos S.A.\nRoberto Laplace 3605. B1611WAA. <br>Don Torcuato, Provincia de Buenos Aires, Argentina.\t\t\t\t\t<\/p>\n\t\t\t\t\n\t\t\t<\/div>\n\t\t\t\n\t\t<\/div>\n\t\t\t\t\t\t<\/div>\n\t\t\t\t<\/div>\n\t\t\t\t<\/div>\n\t\t\t\t<\/div>\n\t\t<div class=\"elementor-element elementor-element-a44597a e-con-full e-flex wpr-particle-no wpr-jarallax-no wpr-parallax-no wpr-sticky-section-no e-con e-child\" data-id=\"a44597a\" data-element_type=\"container\" data-e-type=\"container\">\n\t\t\t\t<div class=\"elementor-element elementor-element-e9feab1 elementor-widget elementor-widget-qi_addons_for_elementor_wp_forms\" data-id=\"e9feab1\" data-element_type=\"widget\" data-e-type=\"widget\" data-widget_type=\"qi_addons_for_elementor_wp_forms.default\">\n\t\t\t\t<div class=\"elementor-widget-container\">\n\t\t\t\t\t<div class=\"qodef-shortcode qodef-m qodef-qi-wp-forms\">\n\t<style id=\"wpforms-css-vars-98\">\n\t\t\t\t#wpforms-98 {\n\t\t\t\t\n\t\t\t}\n\t\t\t<\/style><div class=\"wpforms-container wpforms-container-full wpforms-render-modern\" id=\"wpforms-98\"><form id=\"wpforms-form-98\" class=\"wpforms-validate wpforms-form wpforms-ajax-form\" data-formid=\"98\" method=\"post\" enctype=\"multipart\/form-data\" action=\"\/en\/wp-json\/wp\/v2\/pages\/21\" data-token=\"87df41bba58a5d527c0f1c65e64607b9\" data-token-time=\"1775517641\"><noscript class=\"wpforms-error-noscript\">Please enable JavaScript in your browser to complete this form.<\/noscript><div id=\"wpforms-error-noscript\" style=\"display: none;\">Please enable JavaScript in your browser to complete this form.<\/div><div class=\"wpforms-field-container\"><div id=\"wpforms-98-field_1-container\" class=\"wpforms-field wpforms-field-name\" data-field-id=\"1\"><label class=\"wpforms-field-label wpforms-label-hide\" for=\"wpforms-98-field_1\" aria-hidden=\"false\">Your Name <span class=\"wpforms-required-label\" aria-hidden=\"true\">*<\/span><\/label><input type=\"text\" id=\"wpforms-98-field_1\" class=\"wpforms-field-large wpforms-field-required\" name=\"wpforms[fields][1]\" placeholder=\"Nombre completo\" aria-errormessage=\"wpforms-98-field_1-error\" required><\/div><div id=\"wpforms-98-field_2-container\" class=\"wpforms-field wpforms-field-email\" data-field-id=\"2\"><label class=\"wpforms-field-label wpforms-label-hide\" for=\"wpforms-98-field_2\" aria-hidden=\"false\">Email <span class=\"wpforms-required-label\" aria-hidden=\"true\">*<\/span><\/label><input type=\"email\" id=\"wpforms-98-field_2\" class=\"wpforms-field-large wpforms-field-required\" name=\"wpforms[fields][2]\" placeholder=\"Email address\" spellcheck=\"false\" aria-errormessage=\"wpforms-98-field_2-error\" required><\/div><div id=\"wpforms-98-field_3-container\" class=\"wpforms-field wpforms-field-textarea\" data-field-id=\"3\"><label class=\"wpforms-field-label wpforms-label-hide\" for=\"wpforms-98-field_3\" aria-hidden=\"false\">Paragraph Text <span class=\"wpforms-required-label\" aria-hidden=\"true\">*<\/span><\/label><textarea id=\"wpforms-98-field_3\" class=\"wpforms-field-small wpforms-field-required\" name=\"wpforms[fields][3]\" placeholder=\"Mensaje\" aria-errormessage=\"wpforms-98-field_3-error\" required><\/textarea><\/div><div id=\"wpforms-98-field_4-container\" class=\"wpforms-field wpforms-field-checkbox\" data-field-id=\"4\"><fieldset><legend class=\"wpforms-field-label wpforms-label-hide\" aria-hidden=\"false\">Checkboxes <span class=\"wpforms-required-label\" aria-hidden=\"true\">*<\/span><\/legend><ul id=\"wpforms-98-field_4\" class=\"wpforms-field-required\"><li class=\"choice-1 depth-1\"><input type=\"checkbox\" id=\"wpforms-98-field_4_1\" name=\"wpforms[fields][4][]\" value=\"Acepto los t\u00e9rminos de uso y la pol\u00edtica de privacidad de este sitio web\" aria-errormessage=\"wpforms-98-field_4_1-error\" required ><label class=\"wpforms-field-label-inline\" for=\"wpforms-98-field_4_1\">Acepto los t\u00e9rminos de uso y la pol\u00edtica de privacidad de este sitio web<\/label><\/li><\/ul><\/fieldset><\/div><\/div><!-- .wpforms-field-container --><div class=\"wpforms-submit-container\" ><input type=\"hidden\" name=\"wpforms[id]\" value=\"98\"><input type=\"hidden\" name=\"page_title\" value=\"\"><input type=\"hidden\" name=\"page_url\" value=\"https:\/\/cupertino.ai\/en\/wp-json\/wp\/v2\/pages\/21\"><input type=\"hidden\" name=\"url_referer\" value=\"\"><button type=\"submit\" name=\"wpforms[submit]\" id=\"wpforms-submit-98\" class=\"wpforms-submit\" data-alt-text=\"Sending...\" data-submit-text=\"Enviar mensaje\" aria-live=\"assertive\" value=\"wpforms-submit\">Enviar mensaje<\/button><img decoding=\"async\" src=\"https:\/\/cupertino.ai\/wp-content\/plugins\/wpforms-lite\/assets\/images\/submit-spin.svg\" class=\"wpforms-submit-spinner\" style=\"display: none;\" width=\"26\" height=\"26\" alt=\"Loading\"><\/div><\/form><\/div>  <!-- .wpforms-container --><\/div>\n\t\t\t\t<\/div>\n\t\t\t\t<\/div>\n\t\t\t\t<\/div>\n\t\t\t\t\t<\/div>\n\t\t\t\t<\/div>\n\t\t\t\t<\/div>\n\t\t","protected":false},"excerpt":{"rendered":"<p>CONTACTO info@cupertino.ai Oficinas Avenida del Libertador 602, Piso 3. C1001ABT. Ciudad Aut\u00f3noma de Buenos Aires, Argentina Operaciones Helic\u00f3pteros Marinos S.A. Roberto Laplace 3605. B1611WAA. Don Torcuato, Provincia de Buenos Aires, Argentina. Please enable JavaScript in your browser to complete this form.Please enable JavaScript in your browser to complete this form.Your Name *Email *Paragraph Text * Checkboxes * Acepto los t\u00e9rminos de uso y la pol\u00edtica de privacidad de este sitio web Enviar mensaje<\/p>","protected":false},"author":1,"featured_media":0,"parent":0,"menu_order":0,"comment_status":"closed","ping_status":"closed","template":"","meta":{"content-type":"","_monsterinsights_skip_tracking":false,"_monsterinsights_sitenote_active":false,"_monsterinsights_sitenote_note":"","_monsterinsights_sitenote_category":0,"footnotes":""},"class_list":["post-21","page","type-page","status-publish","hentry"],"blocksy_meta":[],"yoast_head":"<!-- This site is optimized with the Yoast SEO plugin v26.8 - https:\/\/yoast.com\/product\/yoast-seo-wordpress\/ -->\n<title>Minimice sus riesgos | Cupertino AI<\/title>\n<meta name=\"description\" content=\"Cont\u00e1ctenos hoy mismo y descubra c\u00f3mo podemos potenciar su rendimiento mediante la \u00faltima tecnolog\u00eda en drones.\" \/>\n<meta name=\"robots\" content=\"index, follow, max-snippet:-1, max-image-preview:large, max-video-preview:-1\" \/>\n<link rel=\"canonical\" href=\"https:\/\/cupertino.ai\/en\/contacto\/\" \/>\n<meta property=\"og:locale\" content=\"en_US\" \/>\n<meta property=\"og:type\" content=\"article\" \/>\n<meta property=\"og:title\" content=\"Minimice sus riesgos | Cupertino AI\" \/>\n<meta property=\"og:description\" content=\"Cont\u00e1ctenos hoy mismo y descubra c\u00f3mo podemos potenciar su rendimiento mediante la \u00faltima tecnolog\u00eda en drones.\" \/>\n<meta property=\"og:url\" content=\"https:\/\/cupertino.ai\/en\/contacto\/\" \/>\n<meta property=\"og:site_name\" content=\"Cupertino Aerial Intelligence | Servicio de Drones | L\u00edderes en Sistemas de Veh\u00edculos A\u00e9reos No Tripulados (UAVs).\" \/>\n<meta property=\"article:modified_time\" content=\"2025-02-17T14:04:24+00:00\" \/>\n<meta property=\"og:image\" content=\"https:\/\/cupertino.ai\/wp-content\/plugins\/wpforms-lite\/assets\/images\/submit-spin.svg\" \/>\n<meta name=\"twitter:card\" content=\"summary_large_image\" \/>\n<meta name=\"twitter:label1\" content=\"Est. reading time\" \/>\n\t<meta name=\"twitter:data1\" content=\"1 minute\" \/>\n<script type=\"application\/ld+json\" class=\"yoast-schema-graph\">{\"@context\":\"https:\/\/schema.org\",\"@graph\":[{\"@type\":\"WebPage\",\"@id\":\"https:\/\/cupertino.ai\/contacto\/\",\"url\":\"https:\/\/cupertino.ai\/contacto\/\",\"name\":\"Minimice sus riesgos | Cupertino AI\",\"isPartOf\":{\"@id\":\"https:\/\/cupertino.ai\/#website\"},\"primaryImageOfPage\":{\"@id\":\"https:\/\/cupertino.ai\/contacto\/#primaryimage\"},\"image\":{\"@id\":\"https:\/\/cupertino.ai\/contacto\/#primaryimage\"},\"thumbnailUrl\":\"https:\/\/cupertino.ai\/wp-content\/plugins\/wpforms-lite\/assets\/images\/submit-spin.svg\",\"datePublished\":\"2023-08-05T02:33:13+00:00\",\"dateModified\":\"2025-02-17T14:04:24+00:00\",\"description\":\"Cont\u00e1ctenos hoy mismo y descubra c\u00f3mo podemos potenciar su rendimiento mediante la \u00faltima tecnolog\u00eda en drones.\",\"breadcrumb\":{\"@id\":\"https:\/\/cupertino.ai\/contacto\/#breadcrumb\"},\"inLanguage\":\"en-US\",\"potentialAction\":[{\"@type\":\"ReadAction\",\"target\":[\"https:\/\/cupertino.ai\/contacto\/\"]}]},{\"@type\":\"ImageObject\",\"inLanguage\":\"en-US\",\"@id\":\"https:\/\/cupertino.ai\/contacto\/#primaryimage\",\"url\":\"https:\/\/cupertino.ai\/wp-content\/plugins\/wpforms-lite\/assets\/images\/submit-spin.svg\",\"contentUrl\":\"https:\/\/cupertino.ai\/wp-content\/plugins\/wpforms-lite\/assets\/images\/submit-spin.svg\"},{\"@type\":\"BreadcrumbList\",\"@id\":\"https:\/\/cupertino.ai\/contacto\/#breadcrumb\",\"itemListElement\":[{\"@type\":\"ListItem\",\"position\":1,\"name\":\"Home\",\"item\":\"https:\/\/cupertino.ai\/\"},{\"@type\":\"ListItem\",\"position\":2,\"name\":\"CONTACTO\"}]},{\"@type\":\"WebSite\",\"@id\":\"https:\/\/cupertino.ai\/#website\",\"url\":\"https:\/\/cupertino.ai\/\",\"name\":\"Cupertino Aerial Intelligence | Servicio de Drones | L\u00edderes en Sistemas de Veh\u00edculos A\u00e9reos No Tripulados (UAVs).\",\"description\":\"\",\"publisher\":{\"@id\":\"https:\/\/cupertino.ai\/#organization\"},\"alternateName\":\"Cupertino Aerial Intelligence | Servicio de Drones\",\"potentialAction\":[{\"@type\":\"SearchAction\",\"target\":{\"@type\":\"EntryPoint\",\"urlTemplate\":\"https:\/\/cupertino.ai\/?s={search_term_string}\"},\"query-input\":{\"@type\":\"PropertyValueSpecification\",\"valueRequired\":true,\"valueName\":\"search_term_string\"}}],\"inLanguage\":\"en-US\"},{\"@type\":\"Organization\",\"@id\":\"https:\/\/cupertino.ai\/#organization\",\"name\":\"Cupertino Aerial Intelligence\",\"url\":\"https:\/\/cupertino.ai\/\",\"logo\":{\"@type\":\"ImageObject\",\"inLanguage\":\"en-US\",\"@id\":\"https:\/\/cupertino.ai\/#\/schema\/logo\/image\/\",\"url\":\"https:\/\/cupertino.ai\/wp-content\/uploads\/2024\/03\/Logotiponegro-transparente.png\",\"contentUrl\":\"https:\/\/cupertino.ai\/wp-content\/uploads\/2024\/03\/Logotiponegro-transparente.png\",\"width\":2135,\"height\":544,\"caption\":\"Cupertino Aerial Intelligence\"},\"image\":{\"@id\":\"https:\/\/cupertino.ai\/#\/schema\/logo\/image\/\"},\"sameAs\":[\"https:\/\/www.linkedin.com\/company\/cupertino-aerial-intelligence\/about\/\"]}]}<\/script>\n<!-- \/ Yoast SEO plugin. -->","yoast_head_json":{"title":"Minimice sus riesgos | Cupertino AI","description":"Reach out today and explore how our cutting-edge drone technology can elevate your performance.","robots":{"index":"index","follow":"follow","max-snippet":"max-snippet:-1","max-image-preview":"max-image-preview:large","max-video-preview":"max-video-preview:-1"},"canonical":"https:\/\/cupertino.ai\/en\/contacto\/","og_locale":"en_US","og_type":"article","og_title":"Minimice sus riesgos | Cupertino AI","og_description":"Cont\u00e1ctenos hoy mismo y descubra c\u00f3mo podemos potenciar su rendimiento mediante la \u00faltima tecnolog\u00eda en drones.","og_url":"https:\/\/cupertino.ai\/en\/contacto\/","og_site_name":"Cupertino Aerial Intelligence | Servicio de Drones | L\u00edderes en Sistemas de Veh\u00edculos A\u00e9reos No Tripulados (UAVs).","article_modified_time":"2025-02-17T14:04:24+00:00","og_image":[{"url":"https:\/\/cupertino.ai\/wp-content\/plugins\/wpforms-lite\/assets\/images\/submit-spin.svg","type":"","width":"","height":""}],"twitter_card":"summary_large_image","twitter_misc":{"Est. reading time":"1 minute"},"schema":{"@context":"https:\/\/schema.org","@graph":[{"@type":"WebPage","@id":"https:\/\/cupertino.ai\/contacto\/","url":"https:\/\/cupertino.ai\/contacto\/","name":"Minimice sus riesgos | Cupertino AI","isPartOf":{"@id":"https:\/\/cupertino.ai\/#website"},"primaryImageOfPage":{"@id":"https:\/\/cupertino.ai\/contacto\/#primaryimage"},"image":{"@id":"https:\/\/cupertino.ai\/contacto\/#primaryimage"},"thumbnailUrl":"https:\/\/cupertino.ai\/wp-content\/plugins\/wpforms-lite\/assets\/images\/submit-spin.svg","datePublished":"2023-08-05T02:33:13+00:00","dateModified":"2025-02-17T14:04:24+00:00","description":"Reach out today and explore how our cutting-edge drone technology can elevate your performance.","breadcrumb":{"@id":"https:\/\/cupertino.ai\/contacto\/#breadcrumb"},"inLanguage":"en-US","potentialAction":[{"@type":"ReadAction","target":["https:\/\/cupertino.ai\/contacto\/"]}]},{"@type":"ImageObject","inLanguage":"en-US","@id":"https:\/\/cupertino.ai\/contacto\/#primaryimage","url":"https:\/\/cupertino.ai\/wp-content\/plugins\/wpforms-lite\/assets\/images\/submit-spin.svg","contentUrl":"https:\/\/cupertino.ai\/wp-content\/plugins\/wpforms-lite\/assets\/images\/submit-spin.svg"},{"@type":"BreadcrumbList","@id":"https:\/\/cupertino.ai\/contacto\/#breadcrumb","itemListElement":[{"@type":"ListItem","position":1,"name":"Home","item":"https:\/\/cupertino.ai\/"},{"@type":"ListItem","position":2,"name":"CONTACTO"}]},{"@type":"WebSite","@id":"https:\/\/cupertino.ai\/#website","url":"https:\/\/cupertino.ai\/","name":"Cupertino Aerial Intelligence | Servicio de Drones | L\u00edderes en Sistemas de Veh\u00edculos A\u00e9reos No Tripulados (UAVs).","description":"","publisher":{"@id":"https:\/\/cupertino.ai\/#organization"},"alternateName":"Cupertino Aerial Intelligence | Servicio de Drones","potentialAction":[{"@type":"SearchAction","target":{"@type":"EntryPoint","urlTemplate":"https:\/\/cupertino.ai\/?s={search_term_string}"},"query-input":{"@type":"PropertyValueSpecification","valueRequired":true,"valueName":"search_term_string"}}],"inLanguage":"en-US"},{"@type":"Organization","@id":"https:\/\/cupertino.ai\/#organization","name":"Cupertino Aerial Intelligence","url":"https:\/\/cupertino.ai\/","logo":{"@type":"ImageObject","inLanguage":"en-US","@id":"https:\/\/cupertino.ai\/#\/schema\/logo\/image\/","url":"https:\/\/cupertino.ai\/wp-content\/uploads\/2024\/03\/Logotiponegro-transparente.png","contentUrl":"https:\/\/cupertino.ai\/wp-content\/uploads\/2024\/03\/Logotiponegro-transparente.png","width":2135,"height":544,"caption":"Cupertino Aerial Intelligence"},"image":{"@id":"https:\/\/cupertino.ai\/#\/schema\/logo\/image\/"},"sameAs":["https:\/\/www.linkedin.com\/company\/cupertino-aerial-intelligence\/about\/"]}]}},"_links":{"self":[{"href":"https:\/\/cupertino.ai\/en\/wp-json\/wp\/v2\/pages\/21","targetHints":{"allow":["GET"]}}],"collection":[{"href":"https:\/\/cupertino.ai\/en\/wp-json\/wp\/v2\/pages"}],"about":[{"href":"https:\/\/cupertino.ai\/en\/wp-json\/wp\/v2\/types\/page"}],"author":[{"embeddable":true,"href":"https:\/\/cupertino.ai\/en\/wp-json\/wp\/v2\/users\/1"}],"replies":[{"embeddable":true,"href":"https:\/\/cupertino.ai\/en\/wp-json\/wp\/v2\/comments?post=21"}],"version-history":[{"count":12,"href":"https:\/\/cupertino.ai\/en\/wp-json\/wp\/v2\/pages\/21\/revisions"}],"predecessor-version":[{"id":2537,"href":"https:\/\/cupertino.ai\/en\/wp-json\/wp\/v2\/pages\/21\/revisions\/2537"}],"wp:attachment":[{"href":"https:\/\/cupertino.ai\/en\/wp-json\/wp\/v2\/media?parent=21"}],"curies":[{"name":"wp","href":"https:\/\/api.w.org\/{rel}","templated":true}]}}